{"id":316,"date":"2021-05-21T09:58:28","date_gmt":"2021-05-21T07:58:28","guid":{"rendered":"https:\/\/www.comstar.net.co\/index.php\/services\/"},"modified":"2023-08-16T13:01:08","modified_gmt":"2023-08-16T18:01:08","slug":"servicios","status":"publish","type":"page","link":"https:\/\/www.comstar.net.co\/index.php\/servicios\/","title":{"rendered":"Servicios"},"content":{"rendered":"\t\t<div data-elementor-type=\"wp-page\" data-elementor-id=\"316\" class=\"elementor elementor-316\" data-elementor-post-type=\"page\">\n\t\t\t\t\t\t\t\t\t<section class=\"elementor-section elementor-top-section elementor-element elementor-element-47117e6 elementor-section-boxed elementor-section-height-default elementor-section-height-default\" data-id=\"47117e6\" data-element_type=\"section\" data-settings=\"{&quot;background_background&quot;:&quot;classic&quot;}\">\n\t\t\t\t\t\t<div class=\"elementor-container elementor-column-gap-no\">\n\t\t\t\t\t<div class=\"elementor-column elementor-col-100 elementor-top-column elementor-element elementor-element-c5cbc28\" data-id=\"c5cbc28\" data-element_type=\"column\">\n\t\t\t<div class=\"elementor-widget-wrap elementor-element-populated\">\n\t\t\t\t\t\t\t\t<div class=\"elementor-element elementor-element-aff0c05 elementor-widget elementor-widget-heading\" data-id=\"aff0c05\" data-element_type=\"widget\" data-widget_type=\"heading.default\">\n\t\t\t\t<div class=\"elementor-widget-container\">\n\t\t\t<style>\/*! elementor - v3.15.0 - 20-08-2023 *\/\n.elementor-heading-title{padding:0;margin:0;line-height:1}.elementor-widget-heading .elementor-heading-title[class*=elementor-size-]>a{color:inherit;font-size:inherit;line-height:inherit}.elementor-widget-heading .elementor-heading-title.elementor-size-small{font-size:15px}.elementor-widget-heading .elementor-heading-title.elementor-size-medium{font-size:19px}.elementor-widget-heading .elementor-heading-title.elementor-size-large{font-size:29px}.elementor-widget-heading .elementor-heading-title.elementor-size-xl{font-size:39px}.elementor-widget-heading .elementor-heading-title.elementor-size-xxl{font-size:59px}<\/style><h1 class=\"elementor-heading-title elementor-size-default\">Servicios<\/h1>\t\t<\/div>\n\t\t\t\t<\/div>\n\t\t\t\t<div class=\"elementor-element elementor-element-b190ddb elementor-widget elementor-widget-heading\" data-id=\"b190ddb\" data-element_type=\"widget\" data-widget_type=\"heading.default\">\n\t\t\t\t<div class=\"elementor-widget-container\">\n\t\t\t<div class=\"elementor-heading-title elementor-size-default\">Explora los servicios de soporte t\u00e9cnico y asesor\u00eda que ofrecemos.<\/div>\t\t<\/div>\n\t\t\t\t<\/div>\n\t\t\t\t\t<\/div>\n\t\t<\/div>\n\t\t\t\t\t\t\t<\/div>\n\t\t<\/section>\n\t\t\t\t<section class=\"elementor-section elementor-top-section elementor-element elementor-element-7ccd6a8 elementor-section-boxed elementor-section-height-default elementor-section-height-default\" data-id=\"7ccd6a8\" data-element_type=\"section\" data-settings=\"{&quot;background_background&quot;:&quot;classic&quot;}\">\n\t\t\t\t\t\t<div class=\"elementor-container elementor-column-gap-no\">\n\t\t\t\t\t<div class=\"elementor-column elementor-col-100 elementor-top-column elementor-element elementor-element-e361a82\" data-id=\"e361a82\" data-element_type=\"column\">\n\t\t\t<div class=\"elementor-widget-wrap elementor-element-populated\">\n\t\t\t\t\t\t\t\t<div class=\"elementor-element elementor-element-3ca6eeb elementor-position-right elementor-vertical-align-middle elementor-widget elementor-widget-image-box\" data-id=\"3ca6eeb\" data-element_type=\"widget\" data-widget_type=\"image-box.default\">\n\t\t\t\t<div class=\"elementor-widget-container\">\n\t\t\t<style>\/*! elementor - v3.15.0 - 20-08-2023 *\/\n.elementor-widget-image-box .elementor-image-box-content{width:100%}@media (min-width:768px){.elementor-widget-image-box.elementor-position-left .elementor-image-box-wrapper,.elementor-widget-image-box.elementor-position-right .elementor-image-box-wrapper{display:flex}.elementor-widget-image-box.elementor-position-right .elementor-image-box-wrapper{text-align:right;flex-direction:row-reverse}.elementor-widget-image-box.elementor-position-left .elementor-image-box-wrapper{text-align:left;flex-direction:row}.elementor-widget-image-box.elementor-position-top .elementor-image-box-img{margin:auto}.elementor-widget-image-box.elementor-vertical-align-top .elementor-image-box-wrapper{align-items:flex-start}.elementor-widget-image-box.elementor-vertical-align-middle .elementor-image-box-wrapper{align-items:center}.elementor-widget-image-box.elementor-vertical-align-bottom .elementor-image-box-wrapper{align-items:flex-end}}@media (max-width:767px){.elementor-widget-image-box .elementor-image-box-img{margin-left:auto!important;margin-right:auto!important;margin-bottom:15px}}.elementor-widget-image-box .elementor-image-box-img{display:inline-block}.elementor-widget-image-box .elementor-image-box-title a{color:inherit}.elementor-widget-image-box .elementor-image-box-wrapper{text-align:center}.elementor-widget-image-box .elementor-image-box-description{margin:0}<\/style><div class=\"elementor-image-box-wrapper\"><figure class=\"elementor-image-box-img\"><img loading=\"lazy\" decoding=\"async\" width=\"1370\" height=\"914\" src=\"https:\/\/www.comstar.net.co\/wp-content\/uploads\/2023\/08\/young-network-engineer-holding-ethernet-switches-1-1.jpg\" class=\"attachment-full size-full wp-image-1210\" alt=\"\" srcset=\"https:\/\/www.comstar.net.co\/wp-content\/uploads\/2023\/08\/young-network-engineer-holding-ethernet-switches-1-1.jpg 1370w, https:\/\/www.comstar.net.co\/wp-content\/uploads\/2023\/08\/young-network-engineer-holding-ethernet-switches-1-1-300x200.jpg 300w, https:\/\/www.comstar.net.co\/wp-content\/uploads\/2023\/08\/young-network-engineer-holding-ethernet-switches-1-1-1024x683.jpg 1024w, https:\/\/www.comstar.net.co\/wp-content\/uploads\/2023\/08\/young-network-engineer-holding-ethernet-switches-1-1-768x512.jpg 768w\" sizes=\"auto, (max-width: 1370px) 100vw, 1370px\" \/><\/figure><div class=\"elementor-image-box-content\"><h4 class=\"elementor-image-box-title\">Soporte t\u00e9cnico<\/h4><p class=\"elementor-image-box-description\">Nuestro equipo t\u00e9cnico est\u00e1 listo para resolver cualquier inconveniente y mantener tus comunicaciones en marcha sin interrupciones.<\/p><\/div><\/div>\t\t<\/div>\n\t\t\t\t<\/div>\n\t\t\t\t<div class=\"elementor-element elementor-element-0d958dc elementor-position-left elementor-vertical-align-middle elementor-widget elementor-widget-image-box\" data-id=\"0d958dc\" data-element_type=\"widget\" data-widget_type=\"image-box.default\">\n\t\t\t\t<div class=\"elementor-widget-container\">\n\t\t\t<div class=\"elementor-image-box-wrapper\"><figure class=\"elementor-image-box-img\"><img loading=\"lazy\" decoding=\"async\" width=\"504\" height=\"378\" src=\"https:\/\/www.comstar.net.co\/wp-content\/uploads\/2021\/05\/digital-marketing-agency-service-img-3.jpg\" class=\"attachment-full size-full wp-image-789\" alt=\"\" srcset=\"https:\/\/www.comstar.net.co\/wp-content\/uploads\/2021\/05\/digital-marketing-agency-service-img-3.jpg 504w, https:\/\/www.comstar.net.co\/wp-content\/uploads\/2021\/05\/digital-marketing-agency-service-img-3-300x225.jpg 300w\" sizes=\"auto, (max-width: 504px) 100vw, 504px\" \/><\/figure><div class=\"elementor-image-box-content\"><h4 class=\"elementor-image-box-title\">Asesor\u00eda en Telecomunicaciones<\/h4><p class=\"elementor-image-box-description\">Nuestra experiencia en telecomunicaciones te guiar\u00e1 hacia decisiones estrat\u00e9gicas que optimizar\u00e1n tus recursos y maximizar\u00e1n tus resultados.<\/p><\/div><\/div>\t\t<\/div>\n\t\t\t\t<\/div>\n\t\t\t\t\t<\/div>\n\t\t<\/div>\n\t\t\t\t\t\t\t<\/div>\n\t\t<\/section>\n\t\t\t\t\t\t\t<\/div>\n\t\t","protected":false},"excerpt":{"rendered":"<p>Servicios Explora los servicios de soporte t\u00e9cnico y asesor\u00eda que ofrecemos. Soporte t\u00e9cnico Nuestro equipo t\u00e9cnico est\u00e1 listo para resolver cualquier inconveniente y mantener tus comunicaciones en marcha sin interrupciones. Asesor\u00eda en Telecomunicaciones Nuestra experiencia en telecomunicaciones te guiar\u00e1 hacia decisiones estrat\u00e9gicas que optimizar\u00e1n tus recursos y maximizar\u00e1n tus resultados.<\/p>\n","protected":false},"author":1,"featured_media":0,"parent":0,"menu_order":0,"comment_status":"closed","ping_status":"closed","template":"","meta":{"site-sidebar-layout":"no-sidebar","site-content-layout":"page-builder","ast-site-content-layout":"","site-content-style":"default","site-sidebar-style":"default","ast-global-header-display":"","ast-banner-title-visibility":"","ast-main-header-display":"","ast-hfb-above-header-display":"","ast-hfb-below-header-display":"","ast-hfb-mobile-header-display":"","site-post-title":"disabled","ast-breadcrumbs-content":"disabled","ast-featured-img":"disabled","footer-sml-layout":"","theme-transparent-header-meta":"enabled","adv-header-id-meta":"","stick-header-meta":"","header-above-stick-meta":"","header-main-stick-meta":"","header-below-stick-meta":"","astra-migrate-meta-layouts":"","footnotes":""},"class_list":["post-316","page","type-page","status-publish","hentry"],"_links":{"self":[{"href":"https:\/\/www.comstar.net.co\/index.php\/wp-json\/wp\/v2\/pages\/316","targetHints":{"allow":["GET"]}}],"collection":[{"href":"https:\/\/www.comstar.net.co\/index.php\/wp-json\/wp\/v2\/pages"}],"about":[{"href":"https:\/\/www.comstar.net.co\/index.php\/wp-json\/wp\/v2\/types\/page"}],"author":[{"embeddable":true,"href":"https:\/\/www.comstar.net.co\/index.php\/wp-json\/wp\/v2\/users\/1"}],"replies":[{"embeddable":true,"href":"https:\/\/www.comstar.net.co\/index.php\/wp-json\/wp\/v2\/comments?post=316"}],"version-history":[{"count":23,"href":"https:\/\/www.comstar.net.co\/index.php\/wp-json\/wp\/v2\/pages\/316\/revisions"}],"predecessor-version":[{"id":1317,"href":"https:\/\/www.comstar.net.co\/index.php\/wp-json\/wp\/v2\/pages\/316\/revisions\/1317"}],"wp:attachment":[{"href":"https:\/\/www.comstar.net.co\/index.php\/wp-json\/wp\/v2\/media?parent=316"}],"curies":[{"name":"wp","href":"https:\/\/api.w.org\/{rel}","templated":true}]}}